{"id":18253,"date":"2022-02-07T12:17:57","date_gmt":"2022-02-07T12:17:57","guid":{"rendered":"http:\/\/www.padel-test.de\/padel-wissen\/padel-fans\/zinedine-zidane-padel-tennis\/"},"modified":"2022-10-31T22:03:33","modified_gmt":"2022-10-31T22:03:33","slug":"zinedine-zidane-padel-tennis","status":"publish","type":"page","link":"https:\/\/www.padel-test.de\/tr\/padel-bi%cc%87lgi%cc%87si%cc%87\/padel-hayranlari\/zinedine-zidane-padel-tennis\/","title":{"rendered":"Zinedine Zidane"},"content":{"rendered":"<p>Ayr\u0131ca d\u00fcnyan\u0131n gelmi\u015f ge\u00e7mi\u015f en iyi futbolcular\u0131ndan biri ve ayn\u0131 derecede ba\u015far\u0131l\u0131 bir antren\u00f6r, <strong>Zinedine Zidane<\/strong>tam bir padel hayran\u0131.<\/p>\n<p>&nbsp;<\/p>\n<p>Burada Zinedine Zidane'\u0131 canl\u0131 padel oynarken bile g\u00f6rebilirsiniz:<\/p>\n<p>&nbsp;<\/p>\n<p>&nbsp;<\/p>\n<p><iframe loading=\"lazy\" title=\"YouTube video oynat\u0131c\u0131\" src=\"https:\/\/www.youtube-nocookie.com\/embed\/lX_c-e9umB0\" width=\"560\" height=\"315\" frameborder=\"0\" allowfullscreen=\"allowfullscreen\"><\/iframe><\/p>\n<p>&nbsp;<\/p>\n<h3>Bir ba\u015fka tan\u0131nm\u0131\u015f futbolcu da padel oynuyor: <a href=\"\/tr\/padel-bi%cc%87lgi%cc%87si%cc%87\/padel-hayranlari\/juergen-klopp-padel-tenis\/\">J\u00fcrgen Klopp<\/a>!<\/h3>","protected":false},"excerpt":{"rendered":"<p>Auch einer der weltbesten Fu\u00dfballer aller Zeiten und ebenso erfolgreicher Trainer, Zinedine Zidane, ist ein totaler Padel Fan. &nbsp; Hier kann man Zinedine Zidane sogar live beim Padelspiel sehen: &nbsp; &nbsp; &nbsp; Und ein weiterer bekannter Fu\u00dfballer spielt Padel: J\u00fcrgen Klopp!<\/p>","protected":false},"author":1,"featured_media":0,"parent":18251,"menu_order":0,"comment_status":"closed","ping_status":"closed","template":"","meta":{"_acf_changed":false,"_sitemap_exclude":false,"_sitemap_priority":"","_sitemap_frequency":"","_analytify_skip_tracking":false,"footnotes":""},"class_list":["post-18253","page","type-page","status-publish","hentry"],"acf":[],"_links":{"self":[{"href":"https:\/\/www.padel-test.de\/tr\/wp-json\/wp\/v2\/pages\/18253","targetHints":{"allow":["GET"]}}],"collection":[{"href":"https:\/\/www.padel-test.de\/tr\/wp-json\/wp\/v2\/pages"}],"about":[{"href":"https:\/\/www.padel-test.de\/tr\/wp-json\/wp\/v2\/types\/page"}],"author":[{"embeddable":true,"href":"https:\/\/www.padel-test.de\/tr\/wp-json\/wp\/v2\/users\/1"}],"replies":[{"embeddable":true,"href":"https:\/\/www.padel-test.de\/tr\/wp-json\/wp\/v2\/comments?post=18253"}],"version-history":[{"count":0,"href":"https:\/\/www.padel-test.de\/tr\/wp-json\/wp\/v2\/pages\/18253\/revisions"}],"up":[{"embeddable":true,"href":"https:\/\/www.padel-test.de\/tr\/wp-json\/wp\/v2\/pages\/18251"}],"wp:attachment":[{"href":"https:\/\/www.padel-test.de\/tr\/wp-json\/wp\/v2\/media?parent=18253"}],"curies":[{"name":"wp","href":"https:\/\/api.w.org\/{rel}","templated":true}]}}