{"id":18254,"date":"2022-02-07T14:50:37","date_gmt":"2022-02-07T14:50:37","guid":{"rendered":"http:\/\/www.padel-test.de\/padel-wissen\/padel-fans\/arjen-robben-padel\/"},"modified":"2022-10-31T22:03:43","modified_gmt":"2022-10-31T22:03:43","slug":"arjen-robben-padel","status":"publish","type":"page","link":"https:\/\/www.padel-test.de\/tr\/padel-bi%cc%87lgi%cc%87si%cc%87\/padel-hayranlari\/arjen-robben-padel\/","title":{"rendered":"Arjen Robben Padel"},"content":{"rendered":"<p><strong>Arjen Robben<\/strong>: En ge\u00e7 <a href=\"\/tr\/padel-haberleri%cc%87\/padel-tennis-kim-milyoner-olacak\/\">Padel-Joker bei &#8222;Wer wird Million\u00e4r&#8220;<\/a> Almanya'n\u0131n yar\u0131s\u0131 Arjen Robben'in ayn\u0131 zamanda hevesli bir padel hayran\u0131 oldu\u011funu biliyor.<\/p>\n<p>&nbsp;<\/p>\n<p>Yak\u0131nda Hollandal\u0131 eski futbol profesyoneli ve \u015fimdi padel merakl\u0131s\u0131n\u0131n baz\u0131 foto\u011fraflar\u0131n\u0131 ve videolar\u0131n\u0131 yay\u0131nlayaca\u011f\u0131z.<\/p>\n<p>&nbsp;<\/p>\n<p>Bizi izlemeye devam edin!<\/p>\n<p>&nbsp;<\/p>\n<p>Bu arada, \u015fu konuda baz\u0131 bilgiler var <a href=\"\/tr\/padel-haberleri%cc%87\/hollandadaki%cc%87-padel-yerleri%cc%87ni%cc%87n-hari%cc%87tasi\/\">Hollanda'da Padel Tenisi<\/a>!<\/p>\n<p>&nbsp;<\/p>\n<h3>Ve burada daha belirgin olanlar\u0131 bulabilirsiniz <a href=\"\/tr\/padel-bi%cc%87lgi%cc%87si%cc%87\/padel-hayranlari\/\">Padel hayranlar\u0131<\/a> J\u00fcrgen Klopp ya da Zinedine Zidane gibi<\/h3>","protected":false},"excerpt":{"rendered":"<p>Arjen Robben: Sp\u00e4testens seit seinem Auftritt als Padel-Joker bei &#8222;Wer wird Million\u00e4r&#8220; wei\u00df halb Deutschland, dass auch Arjen Robben begeisterter Padel Fan ist. &nbsp; In K\u00fcrze werden wir hier ein paar Photos und Videos des holl\u00e4ndischen Ex-Fu\u00dfball Profis und nun Padel Enthusiasten posten. &nbsp; Stay tuned! &nbsp; Hier \u00fcbrigens ein paar Infos \u00fcber Padel Tennis&hellip;<\/p>","protected":false},"author":1,"featured_media":0,"parent":18251,"menu_order":0,"comment_status":"closed","ping_status":"closed","template":"","meta":{"_acf_changed":false,"_sitemap_exclude":false,"_sitemap_priority":"","_sitemap_frequency":"","_analytify_skip_tracking":false,"footnotes":""},"class_list":["post-18254","page","type-page","status-publish","hentry"],"acf":[],"_links":{"self":[{"href":"https:\/\/www.padel-test.de\/tr\/wp-json\/wp\/v2\/pages\/18254","targetHints":{"allow":["GET"]}}],"collection":[{"href":"https:\/\/www.padel-test.de\/tr\/wp-json\/wp\/v2\/pages"}],"about":[{"href":"https:\/\/www.padel-test.de\/tr\/wp-json\/wp\/v2\/types\/page"}],"author":[{"embeddable":true,"href":"https:\/\/www.padel-test.de\/tr\/wp-json\/wp\/v2\/users\/1"}],"replies":[{"embeddable":true,"href":"https:\/\/www.padel-test.de\/tr\/wp-json\/wp\/v2\/comments?post=18254"}],"version-history":[{"count":0,"href":"https:\/\/www.padel-test.de\/tr\/wp-json\/wp\/v2\/pages\/18254\/revisions"}],"up":[{"embeddable":true,"href":"https:\/\/www.padel-test.de\/tr\/wp-json\/wp\/v2\/pages\/18251"}],"wp:attachment":[{"href":"https:\/\/www.padel-test.de\/tr\/wp-json\/wp\/v2\/media?parent=18254"}],"curies":[{"name":"wp","href":"https:\/\/api.w.org\/{rel}","templated":true}]}}