{"id":19807,"date":"2022-11-13T21:43:08","date_gmt":"2022-11-13T21:43:08","guid":{"rendered":"https:\/\/www.padel-test.de\/?page_id=19807"},"modified":"2022-11-13T21:47:51","modified_gmt":"2022-11-13T21:47:51","slug":"padel-tenis-bildirgesi","status":"publish","type":"page","link":"https:\/\/www.padel-test.de\/tr\/padel-bi%cc%87lgi%cc%87si%cc%87\/padel-tenis-bildirgesi\/","title":{"rendered":"Padel Tenis Beyannamesi"},"content":{"rendered":"<p><strong>Padel tenisi a\u00e7\u0131klamas\u0131 - asl\u0131nda padel tenisi olduk\u00e7a basit bir \u015fekilde a\u00e7\u0131klanm\u0131\u015ft\u0131r:<\/strong><\/p>\n<p>Padel tenisi, giderek daha fazla insan\u0131 b\u00fcy\u00fcleyen h\u0131zl\u0131 ve heyecan verici bir oyundur. Aslen <a href=\"\/tr\/padel-bi%cc%87lgi%cc%87si%cc%87\/padel-tari%cc%87hi%cc%87\/\">Padel Tenisi Meksika'da geli\u015ftirildi<\/a>ancak son y\u0131llarda \u00f6nce \u0130spanya'da, daha sonra Avrupa ve d\u00fcnyan\u0131n di\u011fer b\u00f6lgelerinde b\u00fcy\u00fck pop\u00fclerlik kazanm\u0131\u015ft\u0131r.<\/p>\n<p>Padel tenisi, tenis ve squash'\u0131n bir kar\u0131\u015f\u0131m\u0131d\u0131r ve tepesinde bir t\u00fcr \u0131zgara ile desteklenmi\u015f y\u00fcksek cam duvarlar\u0131 olan k\u00fc\u00e7\u00fck bir kortta oynan\u0131r. Bu <a href=\"\/tr\/padel-bi%cc%87lgi%cc%87si%cc%87\/padel-kurallari\/\">Padel kurallar\u0131<\/a> tenise benzer, ancak oyunu daha heyecanl\u0131 k\u0131lan baz\u0131 \u00f6nemli farkl\u0131l\u0131klar vard\u0131r. Bu yaz\u0131da padel tenisinin baz\u0131 temellerini a\u00e7\u0131klayaca\u011f\u0131z.<\/p>\n<p>Padel, tenis prensibine dayanan h\u0131zl\u0131 ve heyecanl\u0131 bir oyundur. Her iki tarafta iki\u015fer oyuncu olmak \u00fczere d\u00f6rt oyuncu ile sahan\u0131n ortas\u0131ndaki bir a\u011f \u00fczerinden oynan\u0131r. Her tak\u0131m iki oyuncudan olu\u015fur ve her oyuncunun kendi <a href=\"\/tr\/padel-bi%cc%87lgi%cc%87si%cc%87\/kuerek-cirpici\/\">Padel Raket<\/a>. Padel, oyuncular\u0131n s\u0131rayla file \u00fczerinden bir topa vurduklar\u0131 ve topu rakibin ula\u015famayaca\u011f\u0131 \u015fekilde oynamaya \u00e7al\u0131\u015ft\u0131klar\u0131 s\u0131rt\u00fcst\u00fc bir oyundur.<\/p>\n<p>Son y\u0131llarda hem \u0130spanya'da hem de di\u011fer \u00fclkelerde padel oyuncular\u0131n\u0131n say\u0131s\u0131 h\u0131zla artt\u0131. Avrupa'da, \u0130spanya'dan sonra \u0130talya ve \u0130sve\u00e7 \u00f6zellikle padel'e merakl\u0131d\u0131r, ancak Frans\u0131zlar ve Portekizliler de padel tenisini severler! Almanya, Avusturya ve \u0130svi\u00e7re'de padel patlamas\u0131 biraz daha ge\u00e7 ba\u015flad\u0131 - ancak yeni padel kortlar\u0131ndaki ve padel yerlerindeki b\u00fcy\u00fcme art\u0131k Almanca konu\u015fulan \u00fclkelerde de muazzam!<\/p>\n<p>\u00c7\u00fcnk\u00fc: Padel her ya\u015f ve beceri seviyesi i\u00e7in m\u00fckemmel bir spordur. Formda kalmak (eklemler i\u00e7in tenisten ve hatta squash'tan \u00e7ok daha kolay) ve \u00e7ok e\u011flenmek i\u00e7in harika bir yoldur.<\/p>\n<p>Ve: Padel yeni insanlarla tan\u0131\u015fmak i\u00e7in harika bir f\u0131rsat sunuyor.<\/p>\n<p>Bunun nedeni, her seviyede ger\u00e7ekle\u015fen ve h\u0131zl\u0131 bir \u015fekilde yeni spor arkada\u015flar\u0131yla tan\u0131\u015fabilece\u011finiz \u00e7ok say\u0131da e\u011flenceli turnuvad\u0131r \ud83d\ude42<\/p>\n<p>&nbsp;<\/p>\n<h2>Padel Tenis Tarihi<\/h2>\n<p>Padel tenisi 1970'lerde Meksika'da geli\u015ftirilmi\u015f nispeten gen\u00e7 bir oyundur. Padel tenisi, tenis ve squash'\u0131n bir kombinasyonudur. \u0130lk padel kortlar\u0131 Meksika'da in\u015fa edildi - her ne kadar bug\u00fcnk\u00fc padel kortlar\u0131ndan \u00e7ok farkl\u0131 g\u00f6r\u00fcnseler de! 1980'lerde oyun Orta Amerika'dan \u0130spanya'ya do\u011fru yol ald\u0131 ve burada h\u0131zla pop\u00fcler oldu.<\/p>\n<p>Bug\u00fcn d\u00fcnyan\u0131n her yerinde binlerce padel kortu var.<\/p>\n<p>&nbsp;<\/p>\n<h3>Padel Tenisinde Bug\u00fcn<\/h3>\n<p>Padel tenisi \u015fu anda \u0130spanya'da (hatta orada tenisin \u00e7ok \u00f6n\u00fcnde!), G\u00fcney Amerika ve Orta Amerika'da ve ayr\u0131ca d\u00fcnyadaki di\u011fer bir\u00e7ok \u00fclkede en pop\u00fcler sporlardan biridir. Etkileyici rakamlara ra\u011fmen, padel tenisi b\u00fcy\u00fcyor ve b\u00fcy\u00fcyor!<\/p>\n<p>\u015eu anda a\u011f\u0131rl\u0131kl\u0131 olarak Avrupa ve Arap \u00fclkelerinde. ABD, \u00c7in, Rusya ve Hindistan gibi b\u00fcy\u00fck \u00fclkelerde, padel s\u00f6z konusu oldu\u011funda i\u015fler hala sessiz - bu y\u00fczden burada hala b\u00fcy\u00fck bir b\u00fcy\u00fcme potansiyeli var!<\/p>\n<p>Muhtemelen birka\u00e7 y\u0131l i\u00e7inde d\u00fcnya \u00e7ap\u0131nda 100 milyondan fazla padel oyuncusu olacak!<\/p>\n<p>&nbsp;<\/p>\n<h3>Padel tenisi neden bu kadar pop\u00fcler?<\/h3>\n<p>Padel tenisinin bu kadar pop\u00fcler olmas\u0131n\u0131n nedeni, bu sporu \"sadece e\u011flence i\u00e7in\" oynayabilece\u011finiz gibi profesyonel olarak da oynayabilmenizdir. K\u0131sa bir s\u00fcre i\u00e7inde \u00e7ok fazla kalori yakabilir ve ger\u00e7ekten egzersiz yapabilirsiniz. Padel ayn\u0131 zamanda \u00e7ok sosyal bir spordur: tenise g\u00f6re \u00e7ok daha k\u00fc\u00e7\u00fck bir alanda d\u00f6rtl\u00fc olarak oynars\u0131n\u0131z ve bir\u00e7ok turnuva t\u00fcr\u00fc (\u00f6rne\u011fin Americano) ve sosyal atmosfer, s\u00fcrekli olarak yeni insanlarla tan\u0131\u015fma f\u0131rsat\u0131n\u0131z oldu\u011fu anlam\u0131na gelir.<\/p>\n<p>Ve yeni ba\u015flayanlar i\u00e7in en iyi \u015fey: sadece 20 dakikal\u0131k bir e\u011fitimden sonra, yeni ba\u015flayanlar ilk ma\u00e7lar\u0131na ba\u015flayabilirler.<\/p>\n<p>Ve en iyi oyuncular kadar e\u011flenecekler. S\u00f6z veriyorum!<\/p>\n<p>&nbsp;<\/p>\n<h3>Nerede padel tenisi oynayabilirsiniz?<\/h3>\n<p>Padel tenisi temel olarak bir\u00e7ok farkl\u0131 yerde oynanabilir. \u0130spanya, Arjantin ve padel patlamas\u0131n\u0131n erken ba\u015flad\u0131\u011f\u0131 di\u011fer \u00fclkelerde, bir\u00e7ok k\u00fc\u00e7\u00fck kasaba ve k\u00f6yde padel kortlar\u0131 da bulabilirsiniz.<\/p>\n<p>Almanya gibi \"yeni\" padel \u00fclkelerinde, \u00e7o\u011fu padel kortu b\u00fcy\u00fck\u015fehirlerde bulunmaktad\u0131r.<\/p>\n<p>Ama bizim sayemizde <strong>Padel Tenis Kartlar\u0131<\/strong> en yak\u0131n padel kortunu h\u0131zl\u0131 bir \u015fekilde bulabilirsiniz:<\/p>\n<ul>\n<li><a href=\"\/tr\/padel-yerleri%cc%87-almanya\/\">Padel Kortlar\u0131 Almanya haritas\u0131<\/a><\/li>\n<li><a href=\"\/tr\/avusturya-kuerek-mahkemeleri%cc%87\/\">Padel Kortlar\u0131 Avusturya haritas\u0131<\/a><\/li>\n<li><a href=\"\/tr\/paddle-kortlari-i%cc%87svi%cc%87cre\/\">Padel Kortlar\u0131 \u0130svi\u00e7re haritas\u0131<\/a><\/li>\n<li><a href=\"\/tr\/padel-kortlari-uluslararasi\/\">Padel kortlar\u0131 uluslararas\u0131 haritas\u0131<\/a><\/li>\n<\/ul>","protected":false},"excerpt":{"rendered":"<p>Padel tenisi a\u00e7\u0131klamas\u0131 - Padel tenisi asl\u0131nda olduk\u00e7a basit bir \u015fekilde a\u00e7\u0131klanmaktad\u0131r: Padel tenisi, giderek daha fazla insan\u0131 b\u00fcy\u00fcleyen h\u0131zl\u0131 ve heyecan verici bir oyundur. Padel tenisi ilk olarak Meksika'da geli\u015ftirildi, ancak son y\u0131llarda \u00f6nce \u0130spanya'da ve daha sonra Avrupa ve d\u00fcnyan\u0131n di\u011fer b\u00f6lgelerinde \u00e7ok pop\u00fcler hale geldi....<\/p>","protected":false},"author":1,"featured_media":0,"parent":18170,"menu_order":0,"comment_status":"closed","ping_status":"closed","template":"","meta":{"_acf_changed":false,"_sitemap_exclude":false,"_sitemap_priority":"","_sitemap_frequency":"","_analytify_skip_tracking":false,"footnotes":""},"class_list":["post-19807","page","type-page","status-publish","hentry"],"acf":[],"_links":{"self":[{"href":"https:\/\/www.padel-test.de\/tr\/wp-json\/wp\/v2\/pages\/19807","targetHints":{"allow":["GET"]}}],"collection":[{"href":"https:\/\/www.padel-test.de\/tr\/wp-json\/wp\/v2\/pages"}],"about":[{"href":"https:\/\/www.padel-test.de\/tr\/wp-json\/wp\/v2\/types\/page"}],"author":[{"embeddable":true,"href":"https:\/\/www.padel-test.de\/tr\/wp-json\/wp\/v2\/users\/1"}],"replies":[{"embeddable":true,"href":"https:\/\/www.padel-test.de\/tr\/wp-json\/wp\/v2\/comments?post=19807"}],"version-history":[{"count":0,"href":"https:\/\/www.padel-test.de\/tr\/wp-json\/wp\/v2\/pages\/19807\/revisions"}],"up":[{"embeddable":true,"href":"https:\/\/www.padel-test.de\/tr\/wp-json\/wp\/v2\/pages\/18170"}],"wp:attachment":[{"href":"https:\/\/www.padel-test.de\/tr\/wp-json\/wp\/v2\/media?parent=19807"}],"curies":[{"name":"wp","href":"https:\/\/api.w.org\/{rel}","templated":true}]}}