{"id":19840,"date":"2022-11-16T17:56:25","date_gmt":"2022-11-16T17:56:25","guid":{"rendered":"https:\/\/www.padel-test.de\/?page_id=19840"},"modified":"2022-11-16T17:58:11","modified_gmt":"2022-11-16T17:58:11","slug":"padbol","status":"publish","type":"page","link":"https:\/\/www.padel-test.de\/tr\/padel-bi%cc%87lgi%cc%87si%cc%87\/padbol\/","title":{"rendered":"Padbol"},"content":{"rendered":"<p><strong>Padbol<\/strong> padel tenisi ile ilgili bir spordur ve genellikle padel kul\u00fcplerinde ve ayn\u0131 zamanda futbol kul\u00fcplerinde de oynan\u0131r.<\/p>\n<p>\u00c7\u00fcnk\u00fc: Padbol temelde padel, tenis, futbol ve voleybolun bir kar\u0131\u015f\u0131m\u0131d\u0131r.<\/p>\n<p>Ve padbol elbette bu sporlar\u0131n en genci - pabol ancak 2008 y\u0131l\u0131nda La Plata'da \"icat edildi\".<\/p>\n<p>&nbsp;<\/p>\n<h2>Padbol nerede oynan\u0131r?<\/h2>\n<p>\u00d6zellikle de bu sporun geldi\u011fi yer olan Arjantin'de.<\/p>\n<p>Padbol sahalar\u0131 art\u0131k Almanya, Avusturya, Uruguay, Paryguay, Meksika, \u0130spanya, Portekiz, \u0130talya, Bel\u00e7ika, Danimarka, Fransa, \u0130sve\u00e7, \u0130svi\u00e7re ve ABD dahil olmak \u00fczere d\u00fcnyan\u0131n her yerinde bulunabilmektedir.<\/p>\n<p>&nbsp;<\/p>\n<h3>Padbol Tarihi<\/h3>\n<p>Padbol 2008 y\u0131l\u0131nda Gustavo Miguens taraf\u0131ndan La Plata, Arjantin'de kuruldu. \u0130lk saha 2011 y\u0131l\u0131nda in\u015fa edildi ve bunu Rojas, Punta Alta ve Buenos Aires gibi di\u011fer Arjantin \u015fehirleri izledi.<\/p>\n<p>Sonra yurtd\u0131\u015f\u0131nda ilk Padbol hamamb\u00f6cekleri ortaya \u00e7\u0131kt\u0131: t\u0131pk\u0131 <a href=\"\/tr\/padel-bi%cc%87lgi%cc%87si%cc%87\/padel-teni%cc%87si%cc%87\/\">Padel Tenis<\/a> \u0130spanya, Padbol'un ba\u015far\u0131l\u0131 bir \u015fekilde kuruldu\u011fu ilk Avrupa \u00fclkesiydi. Avrupa'daki ve d\u00fcnyadaki di\u011fer \u00fclkeler bunu h\u0131zla takip etti.<\/p>\n<p>\u0130lk Padbol D\u00fcnya Kupas\u0131 2013 y\u0131l\u0131nda ger\u00e7ekle\u015fti - tabii ki ba\u015flang\u0131\u00e7 yeri olan La Plata, Arjantin'de!<\/p>\n<p>\u0130lk d\u00fcnya \u015fampiyonlar\u0131 \u0130spanyol Oca\u00f1a ve Palacios \u00e7iftiydi.<\/p>\n<p>Bu arada ayr\u0131ca <a href=\"https:\/\/europeanpadboltour.com\/\" target=\"_blank\" rel=\"nofollow noopener\">Avrupa Padbol Turu<\/a>!<\/p>\n<p>&nbsp;<\/p>\n<h3>Padbol kurallar\u0131<\/h3>\n<p><strong>Oyun alan\u0131<\/strong><\/p>\n<p>Saha 10 metre uzunlu\u011funda ve 6 metre geni\u015fli\u011finde bir dikd\u00f6rtgendir (i\u00e7 boyutlar). Maksimum \u00e7ap\u0131 1 cm olan bir tele as\u0131l\u0131 bir a\u011f ile enine b\u00f6l\u00fcnm\u00fc\u015ft\u00fcr ve u\u00e7lar\u0131, i\u00e7 k\u0131s\u0131mlar\u0131 sahan\u0131n yanal s\u0131n\u0131rlar\u0131na denk gelen iki destek dire\u011fine tutturulmu\u015ftur. sahan\u0131n her k\u00f6\u015fesinde bir be\u015fik ve ona ba\u011fl\u0131 iki yan duvar vard\u0131r.<\/p>\n<p>Be\u015fik ve yan duvarlar en az 2,50 metre y\u00fcksekli\u011finde olmal\u0131 ve birbirlerine kar\u015f\u0131l\u0131k gelmelidir.<\/p>\n<p>A\u011f y\u00fcksekli\u011fi ortada 90 ila 100 santimetre aras\u0131nda ve u\u00e7larda maksimum 100 cm'dir.<\/p>\n<p>Piste en az 0,60 metre geni\u015fli\u011finde ve her iki tarafta 2 metre y\u00fcksekli\u011finde en az bir eri\u015fim olmal\u0131d\u0131r.<\/p>\n<p>Kap\u0131s\u0131 olabilir de olmayabilir de.<\/p>\n<p>&nbsp;<\/p>\n<p><strong>Alanlar<\/strong><\/p>\n<p>\u00dc\u00e7 b\u00f6lge bulunmaktad\u0131r: Servis b\u00f6lgesi, kar\u015f\u0131lama b\u00f6lgesi ve k\u0131rm\u0131z\u0131 b\u00f6lge.<\/p>\n<ol>\n<li>Servis b\u00f6lgesi: Buras\u0131 servis\u00e7ilerin servislerini atmak i\u00e7in bulu\u015fmalar\u0131 gereken yerdir ve filedeki 3,25 metrelik \u00e7izgi, yan duvarlar ve alt duvar ile s\u0131n\u0131rland\u0131r\u0131lm\u0131\u015ft\u0131r.<\/li>\n<li>Resepsiyon alan\u0131 : File, orta servis \u00e7izgisi, parkurun bir yan\u0131ndan di\u011fer yan\u0131na giden \u00e7izgi (geni\u015flik) ve yan cam aras\u0131nda ve\/veya s\u0131n\u0131r duvar\u0131n\u0131n yak\u0131n\u0131nda yer al\u0131r. Zeminde i\u015faretlenen \u00e7izgiler uzun s\u00fcre ge\u00e7erli kutuya dahildir.<\/li>\n<li>K\u0131rm\u0131z\u0131 b\u00f6lge : Her iki taraf\u0131n filesi i\u00e7in bir metre olu\u015fturan, kesme ile t\u00fcm sahan\u0131n geni\u015fli\u011fi aras\u0131nda bir \u00e7izgi ile s\u0131n\u0131rland\u0131r\u0131lm\u0131\u015f alan. K\u0131rm\u0131z\u0131 olmal\u0131d\u0131r.<br \/>\nTop<\/li>\n<\/ol>\n<p>&nbsp;<\/p>\n<p><strong>Padbol topu<\/strong><\/p>\n<p>Topun d\u0131\u015f y\u00fczeyi tek tip olmal\u0131 ve beyaz veya sar\u0131 renkte olmal\u0131d\u0131r.<\/p>\n<p>\u00c7evresi 670 mm'dir ve poli\u00fcretandan yap\u0131lmal\u0131d\u0131r; a\u011f\u0131rl\u0131\u011f\u0131 380 gram ile 400 gram aras\u0131nda olabilir.<\/p>\n<p>&nbsp;<\/p>\n<p><strong>Bir bak\u0131\u015fta Padbol:<\/strong><\/p>\n<ul>\n<li>Oyuncular: 4. \u00c7iftler format\u0131nda oynand\u0131.<\/li>\n<li>Servisler: Servis el alt\u0131ndan at\u0131lmal\u0131d\u0131r. Teniste oldu\u011fu gibi hata durumunda ikinci bir servise izin verilir.<\/li>\n<li>Puanlar: Puanlama y\u00f6ntemi tenisteki ile ayn\u0131d\u0131r. Ma\u00e7lar \u00fc\u00e7 set \u00fczerinden oynan\u0131r.<\/li>\n<li>Top: Futbol, ama daha k\u00fc\u00e7\u00fck<\/li>\n<li>Kortlar: \u0130ki t\u00fcr kort bulunmaktad\u0131r: Kapal\u0131 ve a\u00e7\u0131k kortlar<\/li>\n<li>Duvarlar: Duvarlar veya \u00e7itler oyunun bir par\u00e7as\u0131d\u0131r.<\/li>\n<\/ul>\n<p>&nbsp;<\/p>\n<h3>Padbol Video<\/h3>\n<p>Ve burada \u015eampiyonlar\u0131n Padbol'u nas\u0131l oynad\u0131\u011f\u0131n\u0131 do\u011frudan izleyebilirsiniz:<\/p>\n<p><iframe loading=\"lazy\" title=\"YouTube video oynat\u0131c\u0131\" src=\"https:\/\/www.youtube-nocookie.com\/embed\/1i9uilqN4mQ\" width=\"560\" height=\"315\" frameborder=\"0\" allowfullscreen=\"allowfullscreen\"><\/iframe><\/p>\n<p>Padbol videosu 2022 Padbol Uluslar Kupas\u0131'ndan al\u0131nm\u0131\u015ft\u0131r. <a href=\"\/tr\/padel-yerleri%cc%87\/padel-sportunion-wien\/\">Viyana'daki Union Trendsportzentrum<\/a> tutuldu.<\/p>","protected":false},"excerpt":{"rendered":"<p>Padbol, genellikle padel kul\u00fcplerinde ve ayn\u0131 zamanda futbol kul\u00fcplerinde oynanan padel tenisi ile ilgili bir spordur. Bunun nedeni padbolun temelde padel, tenis, futbol ve voleybolun bir kar\u0131\u015f\u0131m\u0131 olmas\u0131d\u0131r. Ve padbol elbette bu sporlar\u0131n en genci - padel sadece 2008'de La Plata'da \"icat edildi\".   Padbol nerede oynan\u0131r? Daha \u00f6nce...<\/p>","protected":false},"author":1,"featured_media":0,"parent":18170,"menu_order":0,"comment_status":"closed","ping_status":"closed","template":"","meta":{"_acf_changed":false,"_sitemap_exclude":false,"_sitemap_priority":"","_sitemap_frequency":"","_analytify_skip_tracking":false,"footnotes":""},"class_list":["post-19840","page","type-page","status-publish","hentry"],"acf":[],"_links":{"self":[{"href":"https:\/\/www.padel-test.de\/tr\/wp-json\/wp\/v2\/pages\/19840","targetHints":{"allow":["GET"]}}],"collection":[{"href":"https:\/\/www.padel-test.de\/tr\/wp-json\/wp\/v2\/pages"}],"about":[{"href":"https:\/\/www.padel-test.de\/tr\/wp-json\/wp\/v2\/types\/page"}],"author":[{"embeddable":true,"href":"https:\/\/www.padel-test.de\/tr\/wp-json\/wp\/v2\/users\/1"}],"replies":[{"embeddable":true,"href":"https:\/\/www.padel-test.de\/tr\/wp-json\/wp\/v2\/comments?post=19840"}],"version-history":[{"count":0,"href":"https:\/\/www.padel-test.de\/tr\/wp-json\/wp\/v2\/pages\/19840\/revisions"}],"up":[{"embeddable":true,"href":"https:\/\/www.padel-test.de\/tr\/wp-json\/wp\/v2\/pages\/18170"}],"wp:attachment":[{"href":"https:\/\/www.padel-test.de\/tr\/wp-json\/wp\/v2\/media?parent=19840"}],"curies":[{"name":"wp","href":"https:\/\/api.w.org\/{rel}","templated":true}]}}