{"id":20232,"date":"2023-01-09T10:20:00","date_gmt":"2023-01-09T10:20:00","guid":{"rendered":"https:\/\/www.padel-test.de\/?page_id=20232"},"modified":"2023-01-09T10:21:34","modified_gmt":"2023-01-09T10:21:34","slug":"tenis-kortu-yapim-maliyetleri","status":"publish","type":"page","link":"https:\/\/www.padel-test.de\/tr\/padel-bi%cc%87lgi%cc%87si%cc%87\/tenis-kortu-yapim-maliyetleri\/","title":{"rendered":"Bir tenis kortu in\u015fa etmek - maliyetler"},"content":{"rendered":"<p><strong>Tenis kortu masraflar\u0131<\/strong>Tenis kortu in\u015fa etmek pahal\u0131 bir i\u015ftir. Maliyet elbette kortun b\u00fcy\u00fckl\u00fc\u011f\u00fcne ve karma\u015f\u0131kl\u0131\u011f\u0131na ba\u011fl\u0131d\u0131r - ancak kortun in\u015fa edilece\u011fi b\u00f6lge ve in\u015faat t\u00fcr\u00fc de bir rol oynar. Kentsel alanlarda bir tenis kortu in\u015fa etmenin maliyeti genellikle k\u0131rsal alanlara g\u00f6re daha y\u00fcksektir. Kaba bir b\u00fct\u00e7e i\u00e7in 25.000 ila 80.000 avro aras\u0131nda bir plan yapman\u0131z gerekir. Bununla birlikte, \u00f6nemli \u00f6l\u00e7\u00fcde daha pahal\u0131 se\u00e7enekler de vard\u0131r.<\/p>\n<p>Bir tenis kortu in\u015fa etmenin en maliyetli y\u00f6nleri aras\u0131nda toprak i\u015fleri, drenaj ve kortun temeli yer al\u0131r. Tenis kortu yap\u0131m\u0131nda bir di\u011fer \u00f6nemli fakt\u00f6r de y\u00fczey i\u015fleminin t\u00fcr\u00fcd\u00fcr. Bug\u00fcnlerde yeni in\u015fa edilen bir\u00e7ok kortta asfalt kullan\u0131lmaktad\u0131r. Ancak asfalt, k\u0131rma ta\u015f veya bit\u00fcm polimer kar\u0131\u015f\u0131m\u0131 (EPDM) gibi di\u011fer uygulama se\u00e7eneklerine g\u00f6re \u00f6nemli \u00f6l\u00e7\u00fcde daha pahal\u0131d\u0131r. Ortalama olarak, asfalt bir tenis kortu in\u015fa etmek m2 ba\u015f\u0131na yakla\u015f\u0131k 30-60 avroya mal olurken, benzer \u00e7ak\u0131l veya EPDM tenis kortlar\u0131 m2 ba\u015f\u0131na yakla\u015f\u0131k 15 avroya mal olacakt\u0131r.<\/p>\n<p>Kil veya k\u00fcl sahas\u0131, suni \u00e7im sahadan daha ucuzdur.<\/p>\n<p>\u00d6rne\u011fin profesyonel bir toprak tenis kortunun in\u015fas\u0131, \u0131s\u0131tmal\u0131 toprak kortlar veya ayd\u0131nlatma sistemleri gibi daha sofistike unsurlar i\u00e7eriyorsa 150.000 avroya kadar mal olabilir. Elbette, bir mahkeme in\u015fa etmenin maliyeti sadece malzemenin sat\u0131n al\u0131nmas\u0131 ve ekipman\u0131n kiralanmas\u0131yla de\u011fil, ayn\u0131 zamanda mahkemeyi in\u015fa etmek ve bak\u0131m\u0131n\u0131 yapmak i\u00e7in gereken profesyonel personelin \u00e7al\u0131\u015fmas\u0131yla da belirlenir.<\/p>\n<p>&nbsp;<\/p>\n<h2>Bir tenis kortunun in\u015fas\u0131 i\u00e7in kaba maliyetler:<\/h2>\n<ul>\n<li>Tenis kortu yap\u0131m\u0131 - yakla\u015f\u0131k 15.000 ila 23.000 avro<\/li>\n<li>Tenis kortu y\u00fczeyi (k\u00fcl\/kum, suni \u00e7im, bit\u00fcm-polimer kar\u0131\u015f\u0131m\u0131 (EPDM), sert kort) 8.000 ila 30.000 Euro<\/li>\n<li>Direkleriyle birlikte komple tenis a\u011f\u0131 1.000 ila 1.500 Euro<\/li>\n<li>Tenis kortu ya\u011fmurlama sistemi2.5000 ila 5.000 Euro<\/li>\n<li>Tenis kortu ba\u015f\u0131na LED ayd\u0131nlatma 10.000 ila 15.000 avro<\/li>\n<\/ul>\n<p>&nbsp;<\/p>\n<h3>DIY Tenis Kortu Yap\u0131m\u0131<\/h3>\n<p>Bir tenis kortu in\u015fa etmeyi kendin yap projesi olarak ele almak da m\u00fcmk\u00fcnd\u00fcr, ancak o zaman bile dikkate al\u0131nmas\u0131 gereken maliyetler vard\u0131r: A\u011flar, \u00e7izgi i\u015faretleme malzemeleri ve pimler gibi malzemeler sat\u0131n alman\u0131z gerekir; ayr\u0131ca \u00f6zel bir y\u00fczey isteyip istemedi\u011finizi veya mevcut araziyle \u00e7al\u0131\u015f\u0131p \u00e7al\u0131\u015fmad\u0131\u011f\u0131n\u0131z\u0131 da g\u00f6z \u00f6n\u00fcnde bulundurman\u0131z gerekir - t\u00fcm bu fakt\u00f6rler fiyat\u0131 etkileyebilir. A\u011f, \u00e7izgi vs. gibi baz\u0131 m\u00fcnferit par\u00e7alar Alibaba veya benzeri pazarlardan ucuza sipari\u015f edilebilir.<\/p>\n<p>Ancak teslimat s\u00fcreleri, deneyimli bir tenis kortu in\u015faat\u00e7\u0131s\u0131ndan yerel olarak sipari\u015f vermeye k\u0131yasla \u00f6nemli \u00f6l\u00e7\u00fcde daha uzun olabilir. \u0130nternet \u00fczerinden sipari\u015f verirken iade ve garanti taleplerini d\u00fczenlemek de yerel ortaklardan sipari\u015f vermekten daha zordur.<\/p>\n<p>Sonu\u00e7 olarak, bir tenis kortu in\u015fa etmek sadece para de\u011fil, ayn\u0131 zamanda zaman ve enerji a\u00e7\u0131s\u0131ndan da bir yat\u0131r\u0131md\u0131r - ama buna de\u011fer!<\/p>\n<p>Do\u011fru se\u00e7imi yapar ve tenis kortunuzu hem size hem de di\u011fer oyunculara b\u00fcy\u00fck keyif verecek \u015fekilde tasarlarsan\u0131z, uzun y\u0131llar boyunca spor yapabilece\u011finiz bir kayna\u011fa sahip olursunuz!<\/p>\n<p>&nbsp;<\/p>\n<h3>Padel sahas\u0131 in\u015fa edin<\/h3>\n<p>Bir padel kortu in\u015fa etmeyi tercih ederseniz, size bir padel tenis kortunun in\u015faat maliyetleri hakk\u0131nda bilgi sa\u011flayabilir ve padel tenis kortlar\u0131 in\u015fa etme konusunda zaten \u00e7ok deneyime sahip baz\u0131 ortaklar\u0131n ad\u0131n\u0131 verebiliriz.<\/p>\n<ul>\n<li><a href=\"\/tr\/padel-bi%cc%87lgi%cc%87si%cc%87\/kuerek-mahkeme-masraflari\/\">Padel mahkeme masraflar\u0131<\/a><\/li>\n<li><a href=\"\/tr\/padel-kursu-olusturucu-2\/\">Padel sahas\u0131 kurucusu<\/a><\/li>\n<\/ul>","protected":false},"excerpt":{"rendered":"<p>Tenis kortu maliyetleri: Tenis kortu in\u015fa etmek pahal\u0131 bir i\u015ftir. Maliyet elbette kortun b\u00fcy\u00fckl\u00fc\u011f\u00fcne ve karma\u015f\u0131kl\u0131\u011f\u0131na ba\u011fl\u0131d\u0131r - ancak kortun in\u015fa edilece\u011fi b\u00f6lge ve in\u015faat t\u00fcr\u00fc de bir rol oynar. Kentsel alanlarda bir tenis kortu in\u015fa etmenin maliyeti genellikle daha y\u00fcksektir...<\/p>","protected":false},"author":1,"featured_media":12017,"parent":18170,"menu_order":0,"comment_status":"closed","ping_status":"closed","template":"","meta":{"_acf_changed":false,"_sitemap_exclude":false,"_sitemap_priority":"","_sitemap_frequency":"","_analytify_skip_tracking":false,"footnotes":""},"class_list":["post-20232","page","type-page","status-publish","has-post-thumbnail","hentry"],"acf":[],"_links":{"self":[{"href":"https:\/\/www.padel-test.de\/tr\/wp-json\/wp\/v2\/pages\/20232","targetHints":{"allow":["GET"]}}],"collection":[{"href":"https:\/\/www.padel-test.de\/tr\/wp-json\/wp\/v2\/pages"}],"about":[{"href":"https:\/\/www.padel-test.de\/tr\/wp-json\/wp\/v2\/types\/page"}],"author":[{"embeddable":true,"href":"https:\/\/www.padel-test.de\/tr\/wp-json\/wp\/v2\/users\/1"}],"replies":[{"embeddable":true,"href":"https:\/\/www.padel-test.de\/tr\/wp-json\/wp\/v2\/comments?post=20232"}],"version-history":[{"count":0,"href":"https:\/\/www.padel-test.de\/tr\/wp-json\/wp\/v2\/pages\/20232\/revisions"}],"up":[{"embeddable":true,"href":"https:\/\/www.padel-test.de\/tr\/wp-json\/wp\/v2\/pages\/18170"}],"wp:featuredmedia":[{"embeddable":true,"href":"https:\/\/www.padel-test.de\/tr\/wp-json\/wp\/v2\/media\/12017"}],"wp:attachment":[{"href":"https:\/\/www.padel-test.de\/tr\/wp-json\/wp\/v2\/media?parent=20232"}],"curies":[{"name":"wp","href":"https:\/\/api.w.org\/{rel}","templated":true}]}}