{"id":20933,"date":"2024-02-04T21:57:55","date_gmt":"2024-02-04T21:57:55","guid":{"rendered":"https:\/\/www.padel-test.de\/?page_id=20933"},"modified":"2024-02-04T22:01:47","modified_gmt":"2024-02-04T22:01:47","slug":"padel-veya-teni%cc%87s-bueyuek-karsilastirma-hangi%cc%87-sporu-oegrenmek-daha-kolay-veya-oynamak-daha-eglenceli%cc%87","status":"publish","type":"page","link":"https:\/\/www.padel-test.de\/tr\/padel-bi%cc%87lgi%cc%87si%cc%87\/padel-veya-teni%cc%87s-bueyuek-karsilastirma-hangi%cc%87-sporu-oegrenmek-daha-kolay-veya-oynamak-daha-eglenceli%cc%87\/","title":{"rendered":"Padel mi tenis mi? B\u00fcy\u00fck kar\u015f\u0131la\u015ft\u0131rma: hangi spor daha iyi, \u00f6\u011frenmesi daha kolay veya daha e\u011flenceli?"},"content":{"rendered":"<p><strong>Padel ve tenise k\u0131yasla:<\/strong> \u0130htiyac\u0131n\u0131z olan her \u015feyi payla\u015fan iki raket sporu: bir raket, bir top ve ustaca vuru\u015flarla rakibinizi alt etmek i\u00e7in mutlak bir irade. Tenis, as\u0131rl\u0131k prestijiyle spor d\u00fcnyas\u0131n\u0131 Wimbledon'da se\u00e7kin bir beyefendi gibi selamlarken, padel sahneye bir g\u00f6z k\u0131rpma ve s\u0131radan bir be\u015flik \u00e7akmayla \u00e7\u0131kar.<\/p>\n<p>Sanki Tenis, geleneklere ba\u011fl\u0131 kalan \u00e7abalayan a\u011fabey, Padel ise aileyi arka bah\u00e7ede bir oyuna davet eden daha gen\u00e7, \u00f6zg\u00fcr ruhlu karde\u015f gibi.<\/p>\n<p>Her ikisi de sonsuz saatler boyunca e\u011flence sa\u011flar, ancak ki\u015filikleri daha farkl\u0131 olamazd\u0131.<\/p>\n<p>&nbsp;<\/p>\n<h2>Padelin avantajlar\u0131 ve dezavantajlar\u0131:<\/h2>\n<p><strong>Avantajlar:<\/strong><br \/>\n1. \u00d6\u011frenmesi daha kolay: Raketlerin daha k\u00fc\u00e7\u00fck ve kullan\u0131m\u0131 daha kolay olmas\u0131 ve toplar\u0131 duvarlara kar\u015f\u0131 da oynayabilmeniz nedeniyle padeli \u00f6\u011frenmek genellikle tenisten daha kolayd\u0131r. Bu, yeni ba\u015flayanlar\u0131n daha h\u0131zl\u0131 ilerlemesini sa\u011flar.<br \/>\n2. Daha d\u00fc\u015f\u00fck yaralanma riski: Padel genellikle ya\u015fl\u0131 sporcular i\u00e7in de uygun olan g\u00fcvenli bir spor olarak kabul edilir.<br \/>\n3. Sosyal oyun: Padel, genellikle \u00e7iftler halinde oynanan bir tak\u0131m sporudur. Sosyal etkile\u015fimi te\u015fvik eder, tak\u0131m ruhunu g\u00fc\u00e7lendirir ve her zaman ba\u015fkalar\u0131yla oynad\u0131\u011f\u0131n\u0131z i\u00e7in e\u011flencelidir.<\/p>\n<p><strong>Dezavantajlar:<\/strong><br \/>\n1. S\u0131n\u0131rl\u0131 pop\u00fclerlik: Padel, baz\u0131 \u00fclkelerde tenisten daha az bilinir ve daha az yayg\u0131nd\u0131r. Bu, padel oynamak veya di\u011fer oyuncularla rekabet etmek i\u00e7in daha az f\u0131rsat oldu\u011fu anlam\u0131na gelebilir.<br \/>\n2. daha az atletizm: padel kortlar\u0131 tenis kortlar\u0131ndan daha k\u00fc\u00e7\u00fckt\u00fcr, bu da daha az ko\u015fu anlam\u0131na gelir. Oyuncular\u0131n topa ula\u015fmak i\u00e7in bu kadar uzun mesafeleri kat etmeleri gerekmez.<br \/>\n3. S\u0131n\u0131rl\u0131 profesyonel kariyer f\u0131rsatlar\u0131: Padel hen\u00fcz tenis kadar yerle\u015fik ve kapsaml\u0131 bir profesyonel turnuva sahnesine sahip de\u011fildir. Bu, profesyonel sporda kariyer yapmak isteyen oyuncular i\u00e7in bir s\u0131n\u0131rlama olabilir. Bununla birlikte, padel y\u00fckseli\u015fte ve giderek daha profesyonel hale geliyor.<\/p>\n<h3><\/h3>\n<h3>Tenisin avantajlar\u0131 ve dezavantajlar\u0131:<\/h3>\n<p><strong>Avantajlar:<\/strong><br \/>\n1. Sportif \u00e7ok y\u00f6nl\u00fcl\u00fck: Tenis \u00e7ok \u00e7e\u015fitli vuru\u015f teknikleri, oyun stratejileri ve fiziksel zorluklar sunar. Hem g\u00fc\u00e7 hem de dayan\u0131kl\u0131l\u0131k gerektirir ve teknik ve atletik becerileri geli\u015ftirmek i\u00e7in bir\u00e7ok f\u0131rsat sunar.<br \/>\n2. Daha fazla pop\u00fclerlik: Tenis, \u00e7ok say\u0131da oyuncusu ve hayran\u0131 olan d\u00fcnyan\u0131n en pop\u00fcler sporlar\u0131ndan biridir. Bu da tenis oynamak, rekabet etmek ve aktif bir tenis toplulu\u011funun par\u00e7as\u0131 olmak i\u00e7in daha fazla f\u0131rsat oldu\u011fu anlam\u0131na gelmektedir.<br \/>\n3. profesyonel kariyer f\u0131rsatlar\u0131: Tenis, profesyonel bir oyuncu olarak kendinizi kan\u0131tlamak ve finansal olarak ba\u015far\u0131l\u0131 olmak i\u00e7in \u00e7ok say\u0131da f\u0131rsat sunan yerle\u015fik bir profesyonel turnuva sahnesine sahiptir.<\/p>\n<p><strong>Dezavantajlar:<\/strong><br \/>\n1. \u00d6\u011frenmesi daha zor: Tenis, temel vuru\u015f tekniklerinde ustala\u015fmak i\u00e7in daha fazla zaman ve pratik gerektirir. Daha b\u00fcy\u00fck raketler ve daha h\u0131zl\u0131 toplar, yeni ba\u015flayanlar i\u00e7in \u00f6\u011frenme s\u00fcrecini daha zor hale getirebilir.<br \/>\n2. Daha y\u00fcksek sakatlanma riski: Tenis \u00e7ok farkl\u0131 y\u00fczeylerde oynan\u0131r, bu da \u00f6zellikle \u00e7im ve sert kortlarda h\u0131zl\u0131 hareketler ve ani duru\u015flar (sert kortlar) ve kaymalar (\u00e7im ve toprak kortlar) nedeniyle sakatlanma riskini art\u0131r\u0131r.<br \/>\n3. Bireysel rekabet: Tenis genellikle tekler halinde oynan\u0131r, bu da daha az sosyal etkile\u015fim ve tak\u0131m \u00e7al\u0131\u015fmas\u0131 i\u00e7erir. Baz\u0131 oyuncular bunu daha az e\u011flenceli veya daha az motive edici bulabilir.<\/p>\n<p>&nbsp;<\/p>\n<h3>\u00c7ok say\u0131da sporcu tenis ve padel'i futbola kar\u015f\u0131 bir denge unsuru olarak kullanmaktad\u0131r.<\/h3>\n<p>\u0130\u015fte baz\u0131 iyi bilinen \u00f6rnekler:<\/p>\n<ol>\n<li><strong>Zlatan Ibrahimovi\u0107<\/strong> - \u0130sve\u00e7li futbol y\u0131ld\u0131z\u0131 padel tutkusuyla tan\u0131n\u0131yor. Hatta padel kul\u00fcplerine yat\u0131r\u0131m yapt\u0131 ve d\u00fczenli olarak sahada becerilerini sergiliyor.<\/li>\n<li><strong>Gerard Piqu\u00e9<\/strong> - Eski \u0130spanyol futbol defans oyuncusu padel sevgisini kamuoyuna a\u00e7\u0131klad\u0131 ve aktif olarak ma\u00e7lara kat\u0131l\u0131yor.<\/li>\n<li><strong>Andr\u00e9s Iniesta<\/strong> - Futbol kariyerinin yan\u0131 s\u0131ra padel'e olan ilgisini ve ba\u011fl\u0131l\u0131\u011f\u0131n\u0131 g\u00f6steren bir ba\u015fka futbolcu.<\/li>\n<li><strong>Peter Sagan<\/strong> - Slovakyal\u0131 profesyonel bisiklet\u00e7inin ayn\u0131 zamanda bir padel hayran\u0131 olmas\u0131, oyunun futbolun \u00f6tesinde bir \u00e7ekicili\u011fe sahip oldu\u011funu g\u00f6steriyor.<\/li>\n<li><strong>Carlo Ancelotti<\/strong> - \u015eu anda Real Madrid'de g\u00f6rev yapan \u0130talyan futbol antren\u00f6r\u00fc ayn\u0131 zamanda hevesli bir padel oyuncusudur.<\/li>\n<\/ol>\n<p>&nbsp;<\/p>\n<h3>Ve Alman profesyonel futbolcular da padel'i seviyor:<\/h3>\n<ol>\n<li><strong>J\u00fcrgen Klopp<\/strong> - Liverpool FC teknik direkt\u00f6r\u00fc padel sevgisiyle tan\u0131n\u0131yor ve bunu r\u00f6portajlar\u0131nda payla\u015ft\u0131.<\/li>\n<li><strong>Thomas M\u00fcller<\/strong> - FC Bayern M\u00fcnih oyuncusu padel tutkusunu kamuoyuna a\u00e7\u0131klad\u0131.<\/li>\n<li><strong>Hansi Flick<\/strong> - Daha \u00f6nce FC Bayern M\u00fcnih'te ve \u015fu anda Alman milli tak\u0131m\u0131nda g\u00f6rev yapan Alman futbol antren\u00f6r\u00fc ayn\u0131 zamanda bir padel hayran\u0131.<\/li>\n<li><strong>Mario G\u00f6tze<\/strong> - Profesyonel futbolcu, padel sevgisini sosyal medyada g\u00f6sterdi.<\/li>\n<li>ve \u00e7ok daha fazlas\u0131 \ud83d\ude42<\/li>\n<\/ol>\n<p>https:\/\/www.padel-test.de\/padel-wissen\/padel-regeln\/<\/p>","protected":false},"excerpt":{"rendered":"<p>Padel ve tenisin kar\u015f\u0131la\u015ft\u0131r\u0131lmas\u0131: \u0130htiyac\u0131n\u0131z olan \u015feyleri payla\u015fan iki raket sporu - bir raket, bir top ve rakibinizi ustaca bir vuru\u015fla alt etmek i\u00e7in mutlak irade. Tenis, y\u00fczy\u0131llara dayanan prestijiyle spor d\u00fcnyas\u0131n\u0131 Wimbledon'da se\u00e7kin bir beyefendi gibi selamlarken, padel bir g\u00f6z k\u0131rpma ve s\u0131radan bir be\u015flik \u00e7akma ile kayar...<\/p>","protected":false},"author":1,"featured_media":12017,"parent":18170,"menu_order":0,"comment_status":"closed","ping_status":"closed","template":"","meta":{"_acf_changed":false,"_sitemap_exclude":false,"_sitemap_priority":"","_sitemap_frequency":"","_analytify_skip_tracking":false,"footnotes":""},"class_list":["post-20933","page","type-page","status-publish","has-post-thumbnail","hentry"],"acf":[],"_links":{"self":[{"href":"https:\/\/www.padel-test.de\/tr\/wp-json\/wp\/v2\/pages\/20933","targetHints":{"allow":["GET"]}}],"collection":[{"href":"https:\/\/www.padel-test.de\/tr\/wp-json\/wp\/v2\/pages"}],"about":[{"href":"https:\/\/www.padel-test.de\/tr\/wp-json\/wp\/v2\/types\/page"}],"author":[{"embeddable":true,"href":"https:\/\/www.padel-test.de\/tr\/wp-json\/wp\/v2\/users\/1"}],"replies":[{"embeddable":true,"href":"https:\/\/www.padel-test.de\/tr\/wp-json\/wp\/v2\/comments?post=20933"}],"version-history":[{"count":0,"href":"https:\/\/www.padel-test.de\/tr\/wp-json\/wp\/v2\/pages\/20933\/revisions"}],"up":[{"embeddable":true,"href":"https:\/\/www.padel-test.de\/tr\/wp-json\/wp\/v2\/pages\/18170"}],"wp:featuredmedia":[{"embeddable":true,"href":"https:\/\/www.padel-test.de\/tr\/wp-json\/wp\/v2\/media\/12017"}],"wp:attachment":[{"href":"https:\/\/www.padel-test.de\/tr\/wp-json\/wp\/v2\/media?parent=20933"}],"curies":[{"name":"wp","href":"https:\/\/api.w.org\/{rel}","templated":true}]}}